{"id":540,"date":"2024-09-09T10:00:40","date_gmt":"2024-09-09T08:00:40","guid":{"rendered":"https:\/\/ministerweb.advico-ws.de\/kevinR\/?post_type=product&#038;p=540"},"modified":"2024-09-11T09:28:54","modified_gmt":"2024-09-11T07:28:54","slug":"mittelalterlicher-schild-wappen-nach-wahl","status":"publish","type":"product","link":"https:\/\/ministerweb.advico-ws.de\/kevinR\/index.php\/produkt\/mittelalterlicher-schild-wappen-nach-wahl\/","title":{"rendered":"Mittelalterlicher Schild, Wappen nach Wahl"},"content":{"rendered":"<p>[et_pb_section fb_built=&#8220;1&#8243; _builder_version=&#8220;4.16&#8243; custom_padding=&#8220;0px||||false|false&#8220; global_colors_info=&#8220;{}&#8220;][et_pb_row _builder_version=&#8220;4.16&#8243; background_size=&#8220;initial&#8220; background_position=&#8220;top_left&#8220; background_repeat=&#8220;repeat&#8220; width=&#8220;100%&#8220; custom_padding=&#8220;0px||0px||false|false&#8220; global_colors_info=&#8220;{}&#8220;][et_pb_column type=&#8220;4_4&#8243; _builder_version=&#8220;4.16&#8243; custom_padding=&#8220;|||&#8220; global_colors_info=&#8220;{}&#8220; custom_padding__hover=&#8220;|||&#8220;][et_pb_wc_breadcrumb _builder_version=&#8220;4.16&#8243; global_colors_info=&#8220;{}&#8220;][\/et_pb_wc_breadcrumb][et_pb_wc_cart_notice _builder_version=&#8220;4.16&#8243; global_colors_info=&#8220;{}&#8220;][\/et_pb_wc_cart_notice][\/et_pb_column][\/et_pb_row][et_pb_row _builder_version=&#8220;4.16&#8243; background_size=&#8220;initial&#8220; background_position=&#8220;top_left&#8220; background_repeat=&#8220;repeat&#8220; width=&#8220;100%&#8220; custom_padding=&#8220;0px||||false|false&#8220; global_colors_info=&#8220;{}&#8220; column_structure=&#8220;1_2,1_2&#8243;][et_pb_column type=&#8220;1_2&#8243; _builder_version=&#8220;4.16&#8243; custom_padding=&#8220;|||&#8220; global_colors_info=&#8220;{}&#8220; custom_padding__hover=&#8220;|||&#8220;][et_pb_wc_images _builder_version=&#8220;4.16&#8243; global_colors_info=&#8220;{}&#8220;][\/et_pb_wc_images][\/et_pb_column][et_pb_column type=&#8220;1_2&#8243; _builder_version=&#8220;4.16&#8243; custom_padding=&#8220;|||&#8220; global_colors_info=&#8220;{}&#8220; custom_padding__hover=&#8220;|||&#8220;][et_pb_wc_title _builder_version=&#8220;4.16&#8243; global_colors_info=&#8220;{}&#8220;][\/et_pb_wc_title][et_pb_wc_rating _builder_version=&#8220;4.16&#8243; global_colors_info=&#8220;{}&#8220;][\/et_pb_wc_rating][et_pb_wc_price _builder_version=&#8220;4.27.0&#8243; hover_enabled=&#8220;0&#8243; global_colors_info=&#8220;{}&#8220; body_font=&#8220;Almendra||||||||&#8220; body_font_size=&#8220;40px&#8220; sticky_enabled=&#8220;0&#8243;][\/et_pb_wc_price][et_pb_wc_description _builder_version=&#8220;4.16&#8243; global_colors_info=&#8220;{}&#8220;][\/et_pb_wc_description][et_pb_wc_add_to_cart _builder_version=&#8220;4.27.0&#8243; hover_enabled=&#8220;0&#8243; global_colors_info=&#8220;{}&#8220; fields_text_color=&#8220;#000000&#8243; sticky_enabled=&#8220;0&#8243;][\/et_pb_wc_add_to_cart][\/et_pb_column][\/et_pb_row][et_pb_row _builder_version=&#8220;4.16&#8243; background_size=&#8220;initial&#8220; background_position=&#8220;top_left&#8220; background_repeat=&#8220;repeat&#8220; width=&#8220;100%&#8220; global_colors_info=&#8220;{}&#8220;][et_pb_column type=&#8220;4_4&#8243; _builder_version=&#8220;4.16&#8243; custom_padding=&#8220;|||&#8220; global_colors_info=&#8220;{}&#8220; custom_padding__hover=&#8220;|||&#8220;][et_pb_wc_tabs _builder_version=&#8220;4.16&#8243; global_colors_info=&#8220;{}&#8220;]\t\t\t\t\t[\/et_pb_wc_tabs][et_pb_wc_upsells _builder_version=&#8220;4.16&#8243; global_colors_info=&#8220;{}&#8220;][\/et_pb_wc_upsells][et_pb_wc_related_products _builder_version=&#8220;4.16&#8243; global_colors_info=&#8220;{}&#8220;][\/et_pb_wc_related_products][\/et_pb_column][\/et_pb_row][\/et_pb_section]<\/p>\n","protected":false},"excerpt":{"rendered":"<p>Der angebotene Schild aus mehrfach verleimtem Sperrholz hat auf der R\u00fcckseite 3 Tragegurte aus starkem Rindsleder und ist ringsum mit Leinwand bezogen.<\/p>\n","protected":false},"featured_media":271,"comment_status":"open","ping_status":"closed","template":"","meta":{"_et_pb_use_builder":"on","_et_pb_old_content":"<div class=\"product__description rte quick-add-hidden\">\r\n\r\nDer Schild kann auf Anfrage personalisiert Hergestellt werden.\r\n\r\nDer angebotene Schild aus mehrfach verleimtem Sperrholz hat auf der R\u00fcckseite 3 Tragegurte aus starkem Rindsleder und ist ringsum mit Leinwand bezogen.\r\n\r\nDie Ma\u00dfe : 117 cm hoch, 72 cm breit (leicht gew\u00f6lbt).\r\nGewicht : 3,5 kg.\r\n\r\nDer vorherrschende Schildtyp Mitte des 12. Jahrhunderts war der mandelf\u00f6rmige \u201eNormannenschild\u201c, auch oft als Langschild bezeichnet. Mit einer H\u00f6he von etwa 1,00m bis 1,20m konnte es so den Oberk\u00f6rper einschlie\u00dflich der unteren Gesichtsh\u00e4lfte und mit seiner langgezogenen Spitze das Knie sch\u00fctzen. Die obere Kante konnte abgerundet oder gerade sein. Der Schildk\u00f6rper war gebogen und erm\u00f6glichte so, das bessere Abgleiten von Lanze und Schwert. Oftmals hatten diese Schilde noch einen Schildbuckel und ein Schildgesp\u00e4nge. Der Schildbuckel hatte aber seine eigentliche Funktion, den Schutz der schildhaltenden Hand, bereits verloren. Er hatte aber eine verst\u00e4rkende Wirkung beim Schlag mit dem Schild. Das Schildgesp\u00e4nge waren Metallstreifen, die vom Schildbuckel ausgehend, schildverst\u00e4rkende und dekorative Funktionen besa\u00dfen. Gehalten wurde der Schild an zwei parallel zur L\u00e4ngsrichtung, einzeln oder kreuzweise, befestigten Riemen f\u00fcr Unterarm und Faust, die mit angewinkeltem Arm erfasst werden mussten. Eine dritte Schlaufe diente beim Reiten, bedingt durch die ver\u00e4nderte Haltung auf dem Pferd und das gleichzeitige f\u00fchren der Z\u00fcgel, zum Halten des Schildes. Die Schildfessel, ein in seiner L\u00e4nge verstellbarer zus\u00e4tzlicher Lederriemen verteilte das Gewicht des Schildes, etwa 5 bis 8 kg, auf Schulter und R\u00fccken. Bei l\u00e4ngeren M\u00e4rschen, konnte der Schild auch so auf dem R\u00fccken getragen werden.\r\n\r\n<\/div>","_et_gb_content_width":""},"product_cat":[29],"product_tag":[30,32,33],"class_list":{"0":"post-540","1":"product","2":"type-product","3":"status-publish","4":"has-post-thumbnail","6":"product_cat-ruestkammer","7":"product_tag-mittelalter","8":"product_tag-schild","9":"product_tag-wappen","11":"first","12":"instock","13":"shipping-taxable","14":"purchasable","15":"product-type-simple"},"yoast_head":"<!-- This site is optimized with the Yoast SEO plugin v23.4 - https:\/\/yoast.com\/wordpress\/plugins\/seo\/ -->\n<title>Mittelalterlicher Schild, Wappen nach Wahl - Vagabundus - Mittelalter Shop<\/title>\n<meta name=\"robots\" content=\"index, follow, max-snippet:-1, max-image-preview:large, max-video-preview:-1\" \/>\n<link rel=\"canonical\" href=\"https:\/\/ministerweb.advico-ws.de\/kevinR\/index.php\/produkt\/mittelalterlicher-schild-wappen-nach-wahl\/\" \/>\n<meta property=\"og:locale\" content=\"de_DE\" \/>\n<meta property=\"og:type\" content=\"article\" \/>\n<meta property=\"og:title\" content=\"Mittelalterlicher Schild, Wappen nach Wahl - Vagabundus - Mittelalter Shop\" \/>\n<meta property=\"og:description\" content=\"Der angebotene Schild aus mehrfach verleimtem Sperrholz hat auf der R\u00fcckseite 3 Tragegurte aus starkem Rindsleder und ist ringsum mit Leinwand bezogen.\" \/>\n<meta property=\"og:url\" content=\"https:\/\/ministerweb.advico-ws.de\/kevinR\/index.php\/produkt\/mittelalterlicher-schild-wappen-nach-wahl\/\" \/>\n<meta property=\"og:site_name\" content=\"Vagabundus - Mittelalter Shop\" \/>\n<meta property=\"article:modified_time\" content=\"2024-09-11T07:28:54+00:00\" \/>\n<meta property=\"og:image\" content=\"https:\/\/ministerweb.advico-ws.de\/kevinR\/wp-content\/uploads\/2024\/09\/schild1.jpg\" \/>\n\t<meta property=\"og:image:width\" content=\"650\" \/>\n\t<meta property=\"og:image:height\" content=\"492\" \/>\n\t<meta property=\"og:image:type\" content=\"image\/jpeg\" \/>\n<meta name=\"twitter:card\" content=\"summary_large_image\" \/>\n<meta name=\"twitter:label1\" content=\"Gesch\u00e4tzte Lesezeit\" \/>\n\t<meta name=\"twitter:data1\" content=\"1\u00a0Minute\" \/>\n<script type=\"application\/ld+json\" class=\"yoast-schema-graph\">{\"@context\":\"https:\/\/schema.org\",\"@graph\":[{\"@type\":\"WebPage\",\"@id\":\"https:\/\/ministerweb.advico-ws.de\/kevinR\/index.php\/produkt\/mittelalterlicher-schild-wappen-nach-wahl\/\",\"url\":\"https:\/\/ministerweb.advico-ws.de\/kevinR\/index.php\/produkt\/mittelalterlicher-schild-wappen-nach-wahl\/\",\"name\":\"Mittelalterlicher Schild, Wappen nach Wahl - Vagabundus - Mittelalter Shop\",\"isPartOf\":{\"@id\":\"https:\/\/ministerweb.advico-ws.de\/kevinR\/#website\"},\"primaryImageOfPage\":{\"@id\":\"https:\/\/ministerweb.advico-ws.de\/kevinR\/index.php\/produkt\/mittelalterlicher-schild-wappen-nach-wahl\/#primaryimage\"},\"image\":{\"@id\":\"https:\/\/ministerweb.advico-ws.de\/kevinR\/index.php\/produkt\/mittelalterlicher-schild-wappen-nach-wahl\/#primaryimage\"},\"thumbnailUrl\":\"https:\/\/ministerweb.advico-ws.de\/kevinR\/wp-content\/uploads\/2024\/09\/schild1.jpg\",\"datePublished\":\"2024-09-09T08:00:40+00:00\",\"dateModified\":\"2024-09-11T07:28:54+00:00\",\"breadcrumb\":{\"@id\":\"https:\/\/ministerweb.advico-ws.de\/kevinR\/index.php\/produkt\/mittelalterlicher-schild-wappen-nach-wahl\/#breadcrumb\"},\"inLanguage\":\"de\",\"potentialAction\":[{\"@type\":\"ReadAction\",\"target\":[\"https:\/\/ministerweb.advico-ws.de\/kevinR\/index.php\/produkt\/mittelalterlicher-schild-wappen-nach-wahl\/\"]}]},{\"@type\":\"ImageObject\",\"inLanguage\":\"de\",\"@id\":\"https:\/\/ministerweb.advico-ws.de\/kevinR\/index.php\/produkt\/mittelalterlicher-schild-wappen-nach-wahl\/#primaryimage\",\"url\":\"https:\/\/ministerweb.advico-ws.de\/kevinR\/wp-content\/uploads\/2024\/09\/schild1.jpg\",\"contentUrl\":\"https:\/\/ministerweb.advico-ws.de\/kevinR\/wp-content\/uploads\/2024\/09\/schild1.jpg\",\"width\":650,\"height\":492,\"caption\":\"mittelalter schild wappen nach wahl\"},{\"@type\":\"BreadcrumbList\",\"@id\":\"https:\/\/ministerweb.advico-ws.de\/kevinR\/index.php\/produkt\/mittelalterlicher-schild-wappen-nach-wahl\/#breadcrumb\",\"itemListElement\":[{\"@type\":\"ListItem\",\"position\":1,\"name\":\"Startseite\",\"item\":\"https:\/\/ministerweb.advico-ws.de\/kevinR\/\"},{\"@type\":\"ListItem\",\"position\":2,\"name\":\"Shop\",\"item\":\"https:\/\/ministerweb.advico-ws.de\/kevinR\/index.php\/shop\/\"},{\"@type\":\"ListItem\",\"position\":3,\"name\":\"Mittelalterlicher Schild, Wappen nach Wahl\"}]},{\"@type\":\"WebSite\",\"@id\":\"https:\/\/ministerweb.advico-ws.de\/kevinR\/#website\",\"url\":\"https:\/\/ministerweb.advico-ws.de\/kevinR\/\",\"name\":\"Vagabundus - Mittelalter Shop\",\"description\":\"Mittelalter. Handwerk. Authentisch.\",\"publisher\":{\"@id\":\"https:\/\/ministerweb.advico-ws.de\/kevinR\/#organization\"},\"potentialAction\":[{\"@type\":\"SearchAction\",\"target\":{\"@type\":\"EntryPoint\",\"urlTemplate\":\"https:\/\/ministerweb.advico-ws.de\/kevinR\/?s={search_term_string}\"},\"query-input\":{\"@type\":\"PropertyValueSpecification\",\"valueRequired\":true,\"valueName\":\"search_term_string\"}}],\"inLanguage\":\"de\"},{\"@type\":\"Organization\",\"@id\":\"https:\/\/ministerweb.advico-ws.de\/kevinR\/#organization\",\"name\":\"Vagabundus - Mittelalter Shop\",\"url\":\"https:\/\/ministerweb.advico-ws.de\/kevinR\/\",\"logo\":{\"@type\":\"ImageObject\",\"inLanguage\":\"de\",\"@id\":\"https:\/\/ministerweb.advico-ws.de\/kevinR\/#\/schema\/logo\/image\/\",\"url\":\"https:\/\/ministerweb.advico-ws.de\/kevinR\/wp-content\/uploads\/2024\/08\/Vagabundus-markenlogo-ganz-neu-trans.png\",\"contentUrl\":\"https:\/\/ministerweb.advico-ws.de\/kevinR\/wp-content\/uploads\/2024\/08\/Vagabundus-markenlogo-ganz-neu-trans.png\",\"width\":500,\"height\":500,\"caption\":\"Vagabundus - Mittelalter Shop\"},\"image\":{\"@id\":\"https:\/\/ministerweb.advico-ws.de\/kevinR\/#\/schema\/logo\/image\/\"}}]}<\/script>\n<!-- \/ Yoast SEO plugin. -->","yoast_head_json":{"title":"Mittelalterlicher Schild, Wappen nach Wahl - Vagabundus - Mittelalter Shop","robots":{"index":"index","follow":"follow","max-snippet":"max-snippet:-1","max-image-preview":"max-image-preview:large","max-video-preview":"max-video-preview:-1"},"canonical":"https:\/\/ministerweb.advico-ws.de\/kevinR\/index.php\/produkt\/mittelalterlicher-schild-wappen-nach-wahl\/","og_locale":"de_DE","og_type":"article","og_title":"Mittelalterlicher Schild, Wappen nach Wahl - Vagabundus - Mittelalter Shop","og_description":"Der angebotene Schild aus mehrfach verleimtem Sperrholz hat auf der R\u00fcckseite 3 Tragegurte aus starkem Rindsleder und ist ringsum mit Leinwand bezogen.","og_url":"https:\/\/ministerweb.advico-ws.de\/kevinR\/index.php\/produkt\/mittelalterlicher-schild-wappen-nach-wahl\/","og_site_name":"Vagabundus - Mittelalter Shop","article_modified_time":"2024-09-11T07:28:54+00:00","og_image":[{"width":650,"height":492,"url":"https:\/\/ministerweb.advico-ws.de\/kevinR\/wp-content\/uploads\/2024\/09\/schild1.jpg","type":"image\/jpeg"}],"twitter_card":"summary_large_image","twitter_misc":{"Gesch\u00e4tzte Lesezeit":"1\u00a0Minute"},"schema":{"@context":"https:\/\/schema.org","@graph":[{"@type":"WebPage","@id":"https:\/\/ministerweb.advico-ws.de\/kevinR\/index.php\/produkt\/mittelalterlicher-schild-wappen-nach-wahl\/","url":"https:\/\/ministerweb.advico-ws.de\/kevinR\/index.php\/produkt\/mittelalterlicher-schild-wappen-nach-wahl\/","name":"Mittelalterlicher Schild, Wappen nach Wahl - Vagabundus - Mittelalter Shop","isPartOf":{"@id":"https:\/\/ministerweb.advico-ws.de\/kevinR\/#website"},"primaryImageOfPage":{"@id":"https:\/\/ministerweb.advico-ws.de\/kevinR\/index.php\/produkt\/mittelalterlicher-schild-wappen-nach-wahl\/#primaryimage"},"image":{"@id":"https:\/\/ministerweb.advico-ws.de\/kevinR\/index.php\/produkt\/mittelalterlicher-schild-wappen-nach-wahl\/#primaryimage"},"thumbnailUrl":"https:\/\/ministerweb.advico-ws.de\/kevinR\/wp-content\/uploads\/2024\/09\/schild1.jpg","datePublished":"2024-09-09T08:00:40+00:00","dateModified":"2024-09-11T07:28:54+00:00","breadcrumb":{"@id":"https:\/\/ministerweb.advico-ws.de\/kevinR\/index.php\/produkt\/mittelalterlicher-schild-wappen-nach-wahl\/#breadcrumb"},"inLanguage":"de","potentialAction":[{"@type":"ReadAction","target":["https:\/\/ministerweb.advico-ws.de\/kevinR\/index.php\/produkt\/mittelalterlicher-schild-wappen-nach-wahl\/"]}]},{"@type":"ImageObject","inLanguage":"de","@id":"https:\/\/ministerweb.advico-ws.de\/kevinR\/index.php\/produkt\/mittelalterlicher-schild-wappen-nach-wahl\/#primaryimage","url":"https:\/\/ministerweb.advico-ws.de\/kevinR\/wp-content\/uploads\/2024\/09\/schild1.jpg","contentUrl":"https:\/\/ministerweb.advico-ws.de\/kevinR\/wp-content\/uploads\/2024\/09\/schild1.jpg","width":650,"height":492,"caption":"mittelalter schild wappen nach wahl"},{"@type":"BreadcrumbList","@id":"https:\/\/ministerweb.advico-ws.de\/kevinR\/index.php\/produkt\/mittelalterlicher-schild-wappen-nach-wahl\/#breadcrumb","itemListElement":[{"@type":"ListItem","position":1,"name":"Startseite","item":"https:\/\/ministerweb.advico-ws.de\/kevinR\/"},{"@type":"ListItem","position":2,"name":"Shop","item":"https:\/\/ministerweb.advico-ws.de\/kevinR\/index.php\/shop\/"},{"@type":"ListItem","position":3,"name":"Mittelalterlicher Schild, Wappen nach Wahl"}]},{"@type":"WebSite","@id":"https:\/\/ministerweb.advico-ws.de\/kevinR\/#website","url":"https:\/\/ministerweb.advico-ws.de\/kevinR\/","name":"Vagabundus - Mittelalter Shop","description":"Mittelalter. Handwerk. Authentisch.","publisher":{"@id":"https:\/\/ministerweb.advico-ws.de\/kevinR\/#organization"},"potentialAction":[{"@type":"SearchAction","target":{"@type":"EntryPoint","urlTemplate":"https:\/\/ministerweb.advico-ws.de\/kevinR\/?s={search_term_string}"},"query-input":{"@type":"PropertyValueSpecification","valueRequired":true,"valueName":"search_term_string"}}],"inLanguage":"de"},{"@type":"Organization","@id":"https:\/\/ministerweb.advico-ws.de\/kevinR\/#organization","name":"Vagabundus - Mittelalter Shop","url":"https:\/\/ministerweb.advico-ws.de\/kevinR\/","logo":{"@type":"ImageObject","inLanguage":"de","@id":"https:\/\/ministerweb.advico-ws.de\/kevinR\/#\/schema\/logo\/image\/","url":"https:\/\/ministerweb.advico-ws.de\/kevinR\/wp-content\/uploads\/2024\/08\/Vagabundus-markenlogo-ganz-neu-trans.png","contentUrl":"https:\/\/ministerweb.advico-ws.de\/kevinR\/wp-content\/uploads\/2024\/08\/Vagabundus-markenlogo-ganz-neu-trans.png","width":500,"height":500,"caption":"Vagabundus - Mittelalter Shop"},"image":{"@id":"https:\/\/ministerweb.advico-ws.de\/kevinR\/#\/schema\/logo\/image\/"}}]}},"_links":{"self":[{"href":"https:\/\/ministerweb.advico-ws.de\/kevinR\/index.php\/wp-json\/wp\/v2\/product\/540","targetHints":{"allow":["GET"]}}],"collection":[{"href":"https:\/\/ministerweb.advico-ws.de\/kevinR\/index.php\/wp-json\/wp\/v2\/product"}],"about":[{"href":"https:\/\/ministerweb.advico-ws.de\/kevinR\/index.php\/wp-json\/wp\/v2\/types\/product"}],"replies":[{"embeddable":true,"href":"https:\/\/ministerweb.advico-ws.de\/kevinR\/index.php\/wp-json\/wp\/v2\/comments?post=540"}],"wp:featuredmedia":[{"embeddable":true,"href":"https:\/\/ministerweb.advico-ws.de\/kevinR\/index.php\/wp-json\/wp\/v2\/media\/271"}],"wp:attachment":[{"href":"https:\/\/ministerweb.advico-ws.de\/kevinR\/index.php\/wp-json\/wp\/v2\/media?parent=540"}],"wp:term":[{"taxonomy":"product_cat","embeddable":true,"href":"https:\/\/ministerweb.advico-ws.de\/kevinR\/index.php\/wp-json\/wp\/v2\/product_cat?post=540"},{"taxonomy":"product_tag","embeddable":true,"href":"https:\/\/ministerweb.advico-ws.de\/kevinR\/index.php\/wp-json\/wp\/v2\/product_tag?post=540"}],"curies":[{"name":"wp","href":"https:\/\/api.w.org\/{rel}","templated":true}]}}